{"id":237,"date":"2025-10-16T14:14:27","date_gmt":"2025-10-16T14:14:27","guid":{"rendered":"https:\/\/xchpartner.fr\/?page_id=237"},"modified":"2025-10-31T09:09:27","modified_gmt":"2025-10-31T09:09:27","slug":"le-sens","status":"publish","type":"page","link":"https:\/\/xchpartner.fr\/index.php\/accompagnement-coaching\/le-sens\/","title":{"rendered":"Le sens"},"content":{"rendered":"\n<h2 class=\"wp-block-heading has-text-align-center\"><strong><mark style=\"background-color:rgba(0, 0, 0, 0)\" class=\"has-inline-color has-custom-color-1-color\">Le sens de ma d\u00e9marche d&rsquo;accompagnement<\/mark><\/strong><\/h2>\n\n\n\n<p><mark style=\"background-color:rgba(0, 0, 0, 0)\" class=\"has-inline-color has-custom-color-4-color\">Plus que jamais, l\u2019entreprise doit investir dans sa ressource la plus pr\u00e9cieuse : les hommes et les femmes qui lui permettent d&rsquo;exister aupr\u00e8s de ses clients.<\/mark><\/p>\n\n\n\n<ul class=\"wp-block-list\">\n<li><mark style=\"background-color:rgba(0, 0, 0, 0)\" class=\"has-inline-color has-custom-color-4-color\">Elle a besoin de catalyseurs \u00e0 mettre au service de ses talents et de ses \u00e9quipes.<\/mark><\/li>\n\n\n\n<li><mark style=\"background-color:rgba(0, 0, 0, 0)\" class=\"has-inline-color has-custom-color-4-color\">Elle a besoin de leaders responsables et courageux, ancr\u00e9s dans leur fonction et qui incarnent leur r\u00f4le.<\/mark><\/li>\n<\/ul>\n\n\n\n<h2 class=\"wp-block-heading has-text-align-center\"><mark style=\"background-color:rgba(0, 0, 0, 0)\" class=\"has-inline-color has-custom-color-1-color\"><strong>Un leader qui incarne son r\u00f4le<\/strong>, qui assume ses choix et qui g\u00e8re les difficult\u00e9s sans s\u2019\u00e9puiser, <strong>c\u2019est un atout strat\u00e9gique.<\/strong><\/mark><\/h2>\n\n\n\n<h2 class=\"wp-block-heading has-text-align-center\"><strong><mark style=\"background-color:rgba(0, 0, 0, 0)\" class=\"has-inline-color has-custom-color-1-color\">Un leader align\u00e9 et \u00e9panoui, c\u2019est un leader lucide et performant.<\/mark><\/strong><\/h2>\n\n\n\n<div class=\"wp-block-buttons is-layout-flex wp-block-buttons-is-layout-flex\">\n<div class=\"wp-block-button is-style-outline is-style-outline--1\"><a class=\"wp-block-button__link wp-element-button\" href=\"https:\/\/xchpartner.fr\/index.php\/accompagnement-coaching\/benefices\/\"><strong><mark style=\"background-color:rgba(0, 0, 0, 0)\" class=\"has-inline-color has-custom-color-4-color\">LES BENEFICES D&rsquo;UN ACCOMPAGNEMENT<\/mark><\/strong><\/a><\/div>\n<\/div>\n","protected":false},"excerpt":{"rendered":"<p>Le sens de ma d\u00e9marche d&rsquo;accompagnement Plus que jamais, l\u2019entreprise doit investir dans sa ressource la plus pr\u00e9cieuse : les hommes et les femmes qui lui permettent d&rsquo;exister aupr\u00e8s de ses clients. Un leader qui incarne son r\u00f4le, qui assume ses choix et qui g\u00e8re les difficult\u00e9s sans s\u2019\u00e9puiser, c\u2019est un atout strat\u00e9gique. Un leader [&hellip;]<\/p>\n","protected":false},"author":1,"featured_media":84,"parent":193,"menu_order":2,"comment_status":"closed","ping_status":"closed","template":"","meta":{"footnotes":""},"class_list":["post-237","page","type-page","status-publish","has-post-thumbnail","hentry"],"_links":{"self":[{"href":"https:\/\/xchpartner.fr\/index.php\/wp-json\/wp\/v2\/pages\/237","targetHints":{"allow":["GET"]}}],"collection":[{"href":"https:\/\/xchpartner.fr\/index.php\/wp-json\/wp\/v2\/pages"}],"about":[{"href":"https:\/\/xchpartner.fr\/index.php\/wp-json\/wp\/v2\/types\/page"}],"author":[{"embeddable":true,"href":"https:\/\/xchpartner.fr\/index.php\/wp-json\/wp\/v2\/users\/1"}],"replies":[{"embeddable":true,"href":"https:\/\/xchpartner.fr\/index.php\/wp-json\/wp\/v2\/comments?post=237"}],"version-history":[{"count":8,"href":"https:\/\/xchpartner.fr\/index.php\/wp-json\/wp\/v2\/pages\/237\/revisions"}],"predecessor-version":[{"id":337,"href":"https:\/\/xchpartner.fr\/index.php\/wp-json\/wp\/v2\/pages\/237\/revisions\/337"}],"up":[{"embeddable":true,"href":"https:\/\/xchpartner.fr\/index.php\/wp-json\/wp\/v2\/pages\/193"}],"wp:featuredmedia":[{"embeddable":true,"href":"https:\/\/xchpartner.fr\/index.php\/wp-json\/wp\/v2\/media\/84"}],"wp:attachment":[{"href":"https:\/\/xchpartner.fr\/index.php\/wp-json\/wp\/v2\/media?parent=237"}],"curies":[{"name":"wp","href":"https:\/\/api.w.org\/{rel}","templated":true}]}}