{"id":199,"date":"2025-10-16T12:41:43","date_gmt":"2025-10-16T12:41:43","guid":{"rendered":"https:\/\/xchpartner.fr\/?page_id=199"},"modified":"2025-10-24T15:39:30","modified_gmt":"2025-10-24T15:39:30","slug":"mes-services","status":"publish","type":"page","link":"https:\/\/xchpartner.fr\/index.php\/accompagnement-coaching\/mes-services\/","title":{"rendered":"Mes services"},"content":{"rendered":"\n<h2 class=\"wp-block-heading has-text-align-center\"><strong><mark style=\"background-color:rgba(0, 0, 0, 0)\" class=\"has-inline-color has-custom-color-1-color\">Un accompagnement au service des leaders<\/mark><\/strong><\/h2>\n\n\n\n<figure class=\"wp-block-image aligncenter size-full is-resized\"><img loading=\"lazy\" decoding=\"async\" width=\"738\" height=\"492\" src=\"https:\/\/xchpartner.fr\/wp-content\/uploads\/2025\/10\/Capture-decran-2025-10-16-a-15.28.56.png\" alt=\"\" class=\"wp-image-224\" style=\"width:224px;height:auto\" srcset=\"https:\/\/xchpartner.fr\/wp-content\/uploads\/2025\/10\/Capture-decran-2025-10-16-a-15.28.56.png 738w, https:\/\/xchpartner.fr\/wp-content\/uploads\/2025\/10\/Capture-decran-2025-10-16-a-15.28.56-300x200.png 300w\" sizes=\"auto, (max-width: 738px) 100vw, 738px\" \/><\/figure>\n\n\n\n<ul class=\"wp-block-list\">\n<li><mark style=\"background-color:rgba(0, 0, 0, 0)\" class=\"has-inline-color has-custom-color-4-color\">d<em>\u00e9veloppement du leadership personnel<\/em><\/mark><\/li>\n\n\n\n<li><em><mark style=\"background-color:rgba(0, 0, 0, 0)\" class=\"has-inline-color has-custom-color-4-color\">prise de d\u00e9cision strat\u00e9gique<\/mark><\/em><\/li>\n\n\n\n<li><em><mark style=\"background-color:rgba(0, 0, 0, 0)\" class=\"has-inline-color has-custom-color-4-color\">gestion du stress<\/mark><\/em><\/li>\n\n\n\n<li><em><mark style=\"background-color:rgba(0, 0, 0, 0)\" class=\"has-inline-color has-custom-color-4-color\">\u00e9quilibre de vie professionnelle \/ personnelle<\/mark><\/em><\/li>\n<\/ul>\n\n\n\n<p class=\"has-text-align-center\"><strong><mark style=\"background-color:rgba(0, 0, 0, 0)\" class=\"has-inline-color has-custom-color-1-color\">B\u00e9n\u00e9fices cl\u00e9s<\/mark><\/strong><\/p>\n\n\n\n<ul class=\"wp-block-list\">\n<li><em><mark style=\"background-color:rgba(0, 0, 0, 0)\" class=\"has-inline-color has-custom-color-4-color\">leadership inspirant et authentique<\/mark><\/em><\/li>\n\n\n\n<li><em><mark style=\"background-color:rgba(0, 0, 0, 0)\" class=\"has-inline-color has-custom-color-4-color\">prise de d\u00e9cision \u00e9clair\u00e9e<\/mark><\/em><\/li>\n\n\n\n<li><em><mark style=\"background-color:rgba(0, 0, 0, 0)\" class=\"has-inline-color has-custom-color-4-color\">gestion optimale du stress<\/mark><\/em><\/li>\n\n\n\n<li><em><mark style=\"background-color:rgba(0, 0, 0, 0)\" class=\"has-inline-color has-custom-color-4-color\">\u00e9quilibre de vie<\/mark><\/em><\/li>\n<\/ul>\n\n\n\n<p><strong><mark style=\"background-color:rgba(0, 0, 0, 0)\" class=\"has-inline-color has-custom-color-1-color\">Dur\u00e9e :<\/mark><\/strong> <em><mark style=\"background-color:rgba(0, 0, 0, 0)\" class=\"has-inline-color has-custom-color-4-color\">3 \u00e0 6 mois<\/mark><\/em><\/p>\n\n\n\n<p><strong><mark style=\"background-color:rgba(0, 0, 0, 0)\" class=\"has-inline-color has-custom-color-1-color\">Format : <\/mark><\/strong><mark style=\"background-color:rgba(0, 0, 0, 0)\" class=\"has-inline-color has-custom-color-4-color\">s\u00e9ance individuelle 1h30<\/mark><\/p>\n\n\n\n<h2 class=\"wp-block-heading has-text-align-center\"><strong><mark style=\"background-color:rgba(0, 0, 0, 0)\" class=\"has-inline-color has-custom-color-1-color\">Un accompagnement au service des \u00e9quipes<\/mark><\/strong><\/h2>\n\n\n\n<figure class=\"wp-block-image aligncenter size-full is-resized\"><img loading=\"lazy\" decoding=\"async\" width=\"994\" height=\"662\" src=\"https:\/\/xchpartner.fr\/wp-content\/uploads\/2025\/10\/Capture-decran-2025-10-16-a-15.29.31.png\" alt=\"\" class=\"wp-image-223\" style=\"width:242px;height:auto\" srcset=\"https:\/\/xchpartner.fr\/wp-content\/uploads\/2025\/10\/Capture-decran-2025-10-16-a-15.29.31.png 994w, https:\/\/xchpartner.fr\/wp-content\/uploads\/2025\/10\/Capture-decran-2025-10-16-a-15.29.31-300x200.png 300w, https:\/\/xchpartner.fr\/wp-content\/uploads\/2025\/10\/Capture-decran-2025-10-16-a-15.29.31-768x511.png 768w\" sizes=\"auto, (max-width: 994px) 100vw, 994px\" \/><\/figure>\n\n\n\n<ul class=\"wp-block-list\">\n<li><em><mark style=\"background-color:rgba(0, 0, 0, 0)\" class=\"has-inline-color has-custom-color-4-color\">renforcement de la coh\u00e9sion<\/mark><\/em><\/li>\n\n\n\n<li><em><mark style=\"background-color:rgba(0, 0, 0, 0)\" class=\"has-inline-color has-custom-color-4-color\">am\u00e9lioration de la communication<\/mark><\/em><\/li>\n\n\n\n<li><em><mark style=\"background-color:rgba(0, 0, 0, 0)\" class=\"has-inline-color has-custom-color-4-color\">d\u00e9veloppement de l\u2019intelligence collective<\/mark><\/em><\/li>\n\n\n\n<li><em><mark style=\"background-color:rgba(0, 0, 0, 0)\" class=\"has-inline-color has-custom-color-4-color\">atteinte d\u2019objectifs communs<\/mark><\/em><\/li>\n<\/ul>\n\n\n\n<p class=\"has-text-align-center\"><strong><mark style=\"background-color:rgba(0, 0, 0, 0)\" class=\"has-inline-color has-custom-color-1-color\">B\u00e9n\u00e9fices cl\u00e9s<\/mark><\/strong><\/p>\n\n\n\n<ul class=\"wp-block-list\">\n<li><em><mark style=\"background-color:rgba(0, 0, 0, 0)\" class=\"has-inline-color has-custom-color-4-color\">renforcement de la coh\u00e9sion<\/mark><\/em><\/li>\n\n\n\n<li><em><mark style=\"background-color:rgba(0, 0, 0, 0)\" class=\"has-inline-color has-custom-color-4-color\">am\u00e9lioration de la communication<\/mark><\/em><\/li>\n\n\n\n<li><em><mark style=\"background-color:rgba(0, 0, 0, 0)\" class=\"has-inline-color has-custom-color-4-color\">d\u00e9veloppement de l\u2019intelligence collective<\/mark><\/em><\/li>\n\n\n\n<li><em><mark style=\"background-color:rgba(0, 0, 0, 0)\" class=\"has-inline-color has-custom-color-4-color\">atteinte d\u2019objectifs communs<\/mark><\/em><\/li>\n<\/ul>\n\n\n\n<p><strong><mark style=\"background-color:rgba(0, 0, 0, 0)\" class=\"has-inline-color has-custom-color-1-color\">Dur\u00e9e :<\/mark><\/strong> <em><mark style=\"background-color:rgba(0, 0, 0, 0)\" class=\"has-inline-color has-custom-color-4-color\">4 \u00e0 8 mois<\/mark><\/em><\/p>\n\n\n\n<p><strong><mark style=\"background-color:rgba(0, 0, 0, 0)\" class=\"has-inline-color has-custom-color-1-color\">Format : <\/mark><\/strong><mark style=\"background-color:rgba(0, 0, 0, 0)\" class=\"has-inline-color has-custom-color-4-color\"><em>ateliers collectif de 2h-3h<\/em><\/mark><\/p>\n\n\n\n<h2 class=\"wp-block-heading has-text-align-center\"><strong><mark style=\"background-color:rgba(0, 0, 0, 0)\" class=\"has-inline-color has-custom-color-1-color\">Ateliers th\u00e9matiques<\/mark><\/strong><\/h2>\n\n\n\n<figure class=\"wp-block-image aligncenter size-full is-resized\"><img loading=\"lazy\" decoding=\"async\" width=\"464\" height=\"712\" src=\"https:\/\/xchpartner.fr\/wp-content\/uploads\/2025\/10\/Capture-decran-2025-10-16-a-15.29.52.png\" alt=\"\" class=\"wp-image-222\" style=\"width:192px;height:auto\" srcset=\"https:\/\/xchpartner.fr\/wp-content\/uploads\/2025\/10\/Capture-decran-2025-10-16-a-15.29.52.png 464w, https:\/\/xchpartner.fr\/wp-content\/uploads\/2025\/10\/Capture-decran-2025-10-16-a-15.29.52-196x300.png 196w\" sizes=\"auto, (max-width: 464px) 100vw, 464px\" \/><\/figure>\n\n\n\n<ul class=\"wp-block-list\">\n<li><em><mark style=\"background-color:rgba(0, 0, 0, 0)\" class=\"has-inline-color has-custom-color-4-color\">leadership<\/mark><\/em><\/li>\n\n\n\n<li><em><mark style=\"background-color:rgba(0, 0, 0, 0)\" class=\"has-inline-color has-custom-color-4-color\">gestion du changement<\/mark><\/em><\/li>\n\n\n\n<li><em><mark style=\"background-color:rgba(0, 0, 0, 0)\" class=\"has-inline-color has-custom-color-4-color\">communication &amp; r\u00e9solution de conflits<\/mark><\/em><\/li>\n<\/ul>\n\n\n\n<p class=\"has-text-align-center\"><strong><mark style=\"background-color:rgba(0, 0, 0, 0)\" class=\"has-inline-color has-custom-color-1-color\">B\u00e9n\u00e9fices cl\u00e9s<\/mark><\/strong><\/p>\n\n\n\n<ul class=\"wp-block-list\">\n<li><em><mark style=\"background-color:rgba(0, 0, 0, 0)\" class=\"has-inline-color has-custom-color-4-color\">mont\u00e9e de comp\u00e9tences cibl\u00e9es<\/mark><\/em><\/li>\n\n\n\n<li><em><mark style=\"background-color:rgba(0, 0, 0, 0)\" class=\"has-inline-color has-custom-color-4-color\">outils pratiques imm\u00e9diatement applicables<\/mark><\/em><\/li>\n\n\n\n<li><em><mark style=\"background-color:rgba(0, 0, 0, 0)\" class=\"has-inline-color has-custom-color-4-color\">dynamique de groupe positive<\/mark><\/em><\/li>\n\n\n\n<li><em><mark style=\"background-color:rgba(0, 0, 0, 0)\" class=\"has-inline-color has-custom-color-4-color\">ROI mesurable et rapide<\/mark><\/em><\/li>\n<\/ul>\n\n\n\n<p><strong><mark style=\"background-color:rgba(0, 0, 0, 0)\" class=\"has-inline-color has-custom-color-1-color\">Dur\u00e9e :<\/mark><\/strong> <em><mark style=\"background-color:rgba(0, 0, 0, 0)\" class=\"has-inline-color has-custom-color-4-color\">1 \u00e0 3 jours<\/mark><\/em><\/p>\n\n\n\n<p><strong><mark style=\"background-color:rgba(0, 0, 0, 0)\" class=\"has-inline-color has-custom-color-1-color\">Format : <\/mark><\/strong><mark style=\"background-color:rgba(0, 0, 0, 0)\" class=\"has-inline-color has-custom-color-4-color\"><em>ateliers interactifs<\/em><\/mark><\/p>\n\n\n\n<div class=\"wp-block-buttons is-layout-flex wp-block-buttons-is-layout-flex\">\n<div class=\"wp-block-button is-style-outline is-style-outline--1\"><a class=\"wp-block-button__link wp-element-button\" href=\"https:\/\/xchpartner.fr\/index.php\/accompagnement-coaching\/et-maintenant\/\"><strong><mark style=\"background-color:rgba(0, 0, 0, 0)\" class=\"has-inline-color has-custom-color-4-color\">ET MAINTENANT ?<\/mark><\/strong><\/a><\/div>\n<\/div>\n","protected":false},"excerpt":{"rendered":"<p>Un accompagnement au service des leaders B\u00e9n\u00e9fices cl\u00e9s Dur\u00e9e : 3 \u00e0 6 mois Format : s\u00e9ance individuelle 1h30 Un accompagnement au service des \u00e9quipes B\u00e9n\u00e9fices cl\u00e9s Dur\u00e9e : 4 \u00e0 8 mois Format : ateliers collectif de 2h-3h Ateliers th\u00e9matiques B\u00e9n\u00e9fices cl\u00e9s Dur\u00e9e : 1 \u00e0 3 jours Format : ateliers interactifs<\/p>\n","protected":false},"author":1,"featured_media":81,"parent":193,"menu_order":3,"comment_status":"closed","ping_status":"closed","template":"","meta":{"footnotes":""},"class_list":["post-199","page","type-page","status-publish","has-post-thumbnail","hentry"],"_links":{"self":[{"href":"https:\/\/xchpartner.fr\/index.php\/wp-json\/wp\/v2\/pages\/199","targetHints":{"allow":["GET"]}}],"collection":[{"href":"https:\/\/xchpartner.fr\/index.php\/wp-json\/wp\/v2\/pages"}],"about":[{"href":"https:\/\/xchpartner.fr\/index.php\/wp-json\/wp\/v2\/types\/page"}],"author":[{"embeddable":true,"href":"https:\/\/xchpartner.fr\/index.php\/wp-json\/wp\/v2\/users\/1"}],"replies":[{"embeddable":true,"href":"https:\/\/xchpartner.fr\/index.php\/wp-json\/wp\/v2\/comments?post=199"}],"version-history":[{"count":11,"href":"https:\/\/xchpartner.fr\/index.php\/wp-json\/wp\/v2\/pages\/199\/revisions"}],"predecessor-version":[{"id":331,"href":"https:\/\/xchpartner.fr\/index.php\/wp-json\/wp\/v2\/pages\/199\/revisions\/331"}],"up":[{"embeddable":true,"href":"https:\/\/xchpartner.fr\/index.php\/wp-json\/wp\/v2\/pages\/193"}],"wp:featuredmedia":[{"embeddable":true,"href":"https:\/\/xchpartner.fr\/index.php\/wp-json\/wp\/v2\/media\/81"}],"wp:attachment":[{"href":"https:\/\/xchpartner.fr\/index.php\/wp-json\/wp\/v2\/media?parent=199"}],"curies":[{"name":"wp","href":"https:\/\/api.w.org\/{rel}","templated":true}]}}